{"id":606,"date":"2024-05-09T14:15:47","date_gmt":"2024-05-09T17:15:47","guid":{"rendered":"https:\/\/brechocabidechic.com.br\/?post_type=product&#038;p=606"},"modified":"2024-05-09T14:17:30","modified_gmt":"2024-05-09T17:17:30","slug":"vestido-azul-alta-bandagem","status":"publish","type":"product","link":"https:\/\/brechocabidechic.com.br\/?product=vestido-azul-alta-bandagem","title":{"rendered":"Vestido azul alta bandagem"},"content":{"rendered":"<blockquote>\n<ol>\n<li>vestido alta bandagem, marca herv\u00e9 l\u00e9ger, tamanho m.\n<p>medidas: comprimento 108cm | busto 90cm | cintura 78cm | quadril 90cm<\/p>\n<p>composi\u00e7\u00e3o: 91% viscose<\/p>\n<p>cod. 01625627.489<\/li>\n<\/ol>\n<\/blockquote>\n","protected":false},"excerpt":{"rendered":"<p>vestido alta bandagem, marca herv\u00e9 l\u00e9ger, tamanho m. medidas: comprimento 108cm | busto 90cm | cintura 78cm | quadril 90cm composi\u00e7\u00e3o: 91% viscose cod. 01625627.489<\/p>\n","protected":false},"featured_media":607,"comment_status":"open","ping_status":"closed","template":"","meta":[],"product_cat":[26],"product_tag":[],"class_list":{"0":"post-606","1":"product","2":"type-product","3":"status-publish","4":"has-post-thumbnail","6":"product_cat-vestidos","8":"first","9":"instock","10":"shipping-taxable","11":"purchasable","12":"product-type-simple"},"_links":{"self":[{"href":"https:\/\/brechocabidechic.com.br\/index.php?rest_route=\/wp\/v2\/product\/606"}],"collection":[{"href":"https:\/\/brechocabidechic.com.br\/index.php?rest_route=\/wp\/v2\/product"}],"about":[{"href":"https:\/\/brechocabidechic.com.br\/index.php?rest_route=\/wp\/v2\/types\/product"}],"replies":[{"embeddable":true,"href":"https:\/\/brechocabidechic.com.br\/index.php?rest_route=%2Fwp%2Fv2%2Fcomments&post=606"}],"wp:featuredmedia":[{"embeddable":true,"href":"https:\/\/brechocabidechic.com.br\/index.php?rest_route=\/wp\/v2\/media\/607"}],"wp:attachment":[{"href":"https:\/\/brechocabidechic.com.br\/index.php?rest_route=%2Fwp%2Fv2%2Fmedia&parent=606"}],"wp:term":[{"taxonomy":"product_cat","embeddable":true,"href":"https:\/\/brechocabidechic.com.br\/index.php?rest_route=%2Fwp%2Fv2%2Fproduct_cat&post=606"},{"taxonomy":"product_tag","embeddable":true,"href":"https:\/\/brechocabidechic.com.br\/index.php?rest_route=%2Fwp%2Fv2%2Fproduct_tag&post=606"}],"curies":[{"name":"wp","href":"https:\/\/api.w.org\/{rel}","templated":true}]}}