{"id":628,"date":"2024-05-09T14:45:15","date_gmt":"2024-05-09T17:45:15","guid":{"rendered":"https:\/\/brechocabidechic.com.br\/?post_type=product&#038;p=628"},"modified":"2024-05-21T14:19:26","modified_gmt":"2024-05-21T17:19:26","slug":"vestido-longo-listras-de-linho","status":"publish","type":"product","link":"https:\/\/brechocabidechic.com.br\/?product=vestido-longo-listras-de-linho","title":{"rendered":"Vestido longo listras de linho"},"content":{"rendered":"<p>lindo e elegante vestido de babados de linho da marca mariana penteado<\/p>\n<p>medidas: comprimento 149cm | busto 92cm | cintura 66cm | quadril 88cm<\/p>\n<p>composi\u00e7\u00e3o: 71%viscose | 22% algod\u00e3o | 7%linho<br \/>\nforro: 100% algod\u00e3o<\/p>\n<p>cod:01625871<\/p>\n","protected":false},"excerpt":{"rendered":"<p>lindo e elegante vestido de babados de linho da marca mariana penteado medidas: comprimento 149cm | busto 92cm | cintura 66cm | quadril 88cm composi\u00e7\u00e3o: 71%viscose | 22% algod\u00e3o | 7%linho forro: 100% algod\u00e3o cod:01625871<\/p>\n","protected":false},"featured_media":629,"comment_status":"open","ping_status":"closed","template":"","meta":[],"product_cat":[26],"product_tag":[],"class_list":{"0":"post-628","1":"product","2":"type-product","3":"status-publish","4":"has-post-thumbnail","6":"product_cat-vestidos","8":"first","9":"instock","10":"shipping-taxable","11":"purchasable","12":"product-type-simple"},"_links":{"self":[{"href":"https:\/\/brechocabidechic.com.br\/index.php?rest_route=\/wp\/v2\/product\/628"}],"collection":[{"href":"https:\/\/brechocabidechic.com.br\/index.php?rest_route=\/wp\/v2\/product"}],"about":[{"href":"https:\/\/brechocabidechic.com.br\/index.php?rest_route=\/wp\/v2\/types\/product"}],"replies":[{"embeddable":true,"href":"https:\/\/brechocabidechic.com.br\/index.php?rest_route=%2Fwp%2Fv2%2Fcomments&post=628"}],"wp:featuredmedia":[{"embeddable":true,"href":"https:\/\/brechocabidechic.com.br\/index.php?rest_route=\/wp\/v2\/media\/629"}],"wp:attachment":[{"href":"https:\/\/brechocabidechic.com.br\/index.php?rest_route=%2Fwp%2Fv2%2Fmedia&parent=628"}],"wp:term":[{"taxonomy":"product_cat","embeddable":true,"href":"https:\/\/brechocabidechic.com.br\/index.php?rest_route=%2Fwp%2Fv2%2Fproduct_cat&post=628"},{"taxonomy":"product_tag","embeddable":true,"href":"https:\/\/brechocabidechic.com.br\/index.php?rest_route=%2Fwp%2Fv2%2Fproduct_tag&post=628"}],"curies":[{"name":"wp","href":"https:\/\/api.w.org\/{rel}","templated":true}]}}