{"id":636,"date":"2024-05-09T14:53:05","date_gmt":"2024-05-09T17:53:05","guid":{"rendered":"https:\/\/brechocabidechic.com.br\/?post_type=product&#038;p=636"},"modified":"2024-05-09T14:55:58","modified_gmt":"2024-05-09T17:55:58","slug":"saia-longa-plissada-com-lurex","status":"publish","type":"product","link":"https:\/\/brechocabidechic.com.br\/?product=saia-longa-plissada-com-lurex","title":{"rendered":"Saia longa plissada com lurex"},"content":{"rendered":"<p>linda saia longa plissada com lurex da marca nk, sem nenhuma avaria!<\/p>\n<p>medidas: comprimento: 92m | cintura: 70cm | quadril: 104cm<\/p>\n<p>composi\u00e7\u00e3o: sem etiqueta de composi\u00e7\u00e3o.<\/p>\n<p>cod: 01625860.<\/p>\n","protected":false},"excerpt":{"rendered":"<p>linda saia longa plissada com lurex da marca nk, sem nenhuma avaria! medidas: comprimento: 92m | cintura: 70cm | quadril: 104cm composi\u00e7\u00e3o: sem etiqueta de composi\u00e7\u00e3o. cod: 01625860.<\/p>\n","protected":false},"featured_media":638,"comment_status":"open","ping_status":"closed","template":"","meta":[],"product_cat":[27],"product_tag":[],"class_list":{"0":"post-636","1":"product","2":"type-product","3":"status-publish","4":"has-post-thumbnail","6":"product_cat-saias","8":"first","9":"instock","10":"shipping-taxable","11":"purchasable","12":"product-type-simple"},"_links":{"self":[{"href":"https:\/\/brechocabidechic.com.br\/index.php?rest_route=\/wp\/v2\/product\/636"}],"collection":[{"href":"https:\/\/brechocabidechic.com.br\/index.php?rest_route=\/wp\/v2\/product"}],"about":[{"href":"https:\/\/brechocabidechic.com.br\/index.php?rest_route=\/wp\/v2\/types\/product"}],"replies":[{"embeddable":true,"href":"https:\/\/brechocabidechic.com.br\/index.php?rest_route=%2Fwp%2Fv2%2Fcomments&post=636"}],"wp:featuredmedia":[{"embeddable":true,"href":"https:\/\/brechocabidechic.com.br\/index.php?rest_route=\/wp\/v2\/media\/638"}],"wp:attachment":[{"href":"https:\/\/brechocabidechic.com.br\/index.php?rest_route=%2Fwp%2Fv2%2Fmedia&parent=636"}],"wp:term":[{"taxonomy":"product_cat","embeddable":true,"href":"https:\/\/brechocabidechic.com.br\/index.php?rest_route=%2Fwp%2Fv2%2Fproduct_cat&post=636"},{"taxonomy":"product_tag","embeddable":true,"href":"https:\/\/brechocabidechic.com.br\/index.php?rest_route=%2Fwp%2Fv2%2Fproduct_tag&post=636"}],"curies":[{"name":"wp","href":"https:\/\/api.w.org\/{rel}","templated":true}]}}