{"id":643,"date":"2024-05-09T15:00:16","date_gmt":"2024-05-09T18:00:16","guid":{"rendered":"https:\/\/brechocabidechic.com.br\/?post_type=product&#038;p=643"},"modified":"2024-05-09T15:03:15","modified_gmt":"2024-05-09T18:03:15","slug":"saia-longa-laranja-com-renda-e-brilho","status":"publish","type":"product","link":"https:\/\/brechocabidechic.com.br\/?product=saia-longa-laranja-com-renda-e-brilho","title":{"rendered":"Saia longa laranja com renda e brilho"},"content":{"rendered":"<p>saia longa laranja de renda com brilho<\/p>\n<p>Tam: G<br \/>\nmedidas:comprimento 91cm | cintura 80cm | quadril 112cm<\/p>\n<p>composi\u00e7\u00e3o: sem etiqueta de composi\u00e7\u00e3o<\/p>\n<p>cod: 01625857<\/p>\n","protected":false},"excerpt":{"rendered":"<p>saia longa laranja de renda com brilho Tam: G medidas:comprimento 91cm | cintura 80cm | quadril 112cm composi\u00e7\u00e3o: sem etiqueta de composi\u00e7\u00e3o cod: 01625857<\/p>\n","protected":false},"featured_media":644,"comment_status":"open","ping_status":"closed","template":"","meta":[],"product_cat":[27],"product_tag":[],"class_list":{"0":"post-643","1":"product","2":"type-product","3":"status-publish","4":"has-post-thumbnail","6":"product_cat-saias","8":"first","9":"instock","10":"shipping-taxable","11":"purchasable","12":"product-type-simple"},"_links":{"self":[{"href":"https:\/\/brechocabidechic.com.br\/index.php?rest_route=\/wp\/v2\/product\/643"}],"collection":[{"href":"https:\/\/brechocabidechic.com.br\/index.php?rest_route=\/wp\/v2\/product"}],"about":[{"href":"https:\/\/brechocabidechic.com.br\/index.php?rest_route=\/wp\/v2\/types\/product"}],"replies":[{"embeddable":true,"href":"https:\/\/brechocabidechic.com.br\/index.php?rest_route=%2Fwp%2Fv2%2Fcomments&post=643"}],"wp:featuredmedia":[{"embeddable":true,"href":"https:\/\/brechocabidechic.com.br\/index.php?rest_route=\/wp\/v2\/media\/644"}],"wp:attachment":[{"href":"https:\/\/brechocabidechic.com.br\/index.php?rest_route=%2Fwp%2Fv2%2Fmedia&parent=643"}],"wp:term":[{"taxonomy":"product_cat","embeddable":true,"href":"https:\/\/brechocabidechic.com.br\/index.php?rest_route=%2Fwp%2Fv2%2Fproduct_cat&post=643"},{"taxonomy":"product_tag","embeddable":true,"href":"https:\/\/brechocabidechic.com.br\/index.php?rest_route=%2Fwp%2Fv2%2Fproduct_tag&post=643"}],"curies":[{"name":"wp","href":"https:\/\/api.w.org\/{rel}","templated":true}]}}