{"id":650,"date":"2024-05-09T15:12:52","date_gmt":"2024-05-09T18:12:52","guid":{"rendered":"https:\/\/brechocabidechic.com.br\/?post_type=product&#038;p=650"},"modified":"2024-05-09T15:24:26","modified_gmt":"2024-05-09T18:24:26","slug":"vestido-de-tricot-vermelho","status":"publish","type":"product","link":"https:\/\/brechocabidechic.com.br\/?product=vestido-de-tricot-vermelho","title":{"rendered":"Vestido de tricot vermelho"},"content":{"rendered":"<p>lindo vestido longo de tricot da marca galeria tricot, novo com etiqueta.<\/p>\n<p>medidas: comprimento 146cm | busto: 84cm | cintura 72cm | manga 68cm<\/p>\n<p>composi\u00e7\u00e3o: 62,9% viscose | 37,1% acr\u00edlico.<\/p>\n<p>cod: 04630009<\/p>\n","protected":false},"excerpt":{"rendered":"<p>lindo vestido longo de tricot da marca galeria tricot, novo com etiqueta. medidas: comprimento 146cm | busto: 84cm | cintura 72cm | manga 68cm composi\u00e7\u00e3o: 62,9% viscose | 37,1% acr\u00edlico. cod: 04630009<\/p>\n","protected":false},"featured_media":654,"comment_status":"open","ping_status":"closed","template":"","meta":[],"product_cat":[26],"product_tag":[],"class_list":{"0":"post-650","1":"product","2":"type-product","3":"status-publish","4":"has-post-thumbnail","6":"product_cat-vestidos","8":"first","9":"instock","10":"shipping-taxable","11":"purchasable","12":"product-type-simple"},"_links":{"self":[{"href":"https:\/\/brechocabidechic.com.br\/index.php?rest_route=\/wp\/v2\/product\/650"}],"collection":[{"href":"https:\/\/brechocabidechic.com.br\/index.php?rest_route=\/wp\/v2\/product"}],"about":[{"href":"https:\/\/brechocabidechic.com.br\/index.php?rest_route=\/wp\/v2\/types\/product"}],"replies":[{"embeddable":true,"href":"https:\/\/brechocabidechic.com.br\/index.php?rest_route=%2Fwp%2Fv2%2Fcomments&post=650"}],"wp:featuredmedia":[{"embeddable":true,"href":"https:\/\/brechocabidechic.com.br\/index.php?rest_route=\/wp\/v2\/media\/654"}],"wp:attachment":[{"href":"https:\/\/brechocabidechic.com.br\/index.php?rest_route=%2Fwp%2Fv2%2Fmedia&parent=650"}],"wp:term":[{"taxonomy":"product_cat","embeddable":true,"href":"https:\/\/brechocabidechic.com.br\/index.php?rest_route=%2Fwp%2Fv2%2Fproduct_cat&post=650"},{"taxonomy":"product_tag","embeddable":true,"href":"https:\/\/brechocabidechic.com.br\/index.php?rest_route=%2Fwp%2Fv2%2Fproduct_tag&post=650"}],"curies":[{"name":"wp","href":"https:\/\/api.w.org\/{rel}","templated":true}]}}