{"id":658,"date":"2024-05-09T15:21:48","date_gmt":"2024-05-09T18:21:48","guid":{"rendered":"https:\/\/brechocabidechic.com.br\/?post_type=product&#038;p=658"},"modified":"2024-05-09T15:23:10","modified_gmt":"2024-05-09T18:23:10","slug":"vestido-de-tricot-longo-nude","status":"publish","type":"product","link":"https:\/\/brechocabidechic.com.br\/?product=vestido-de-tricot-longo-nude","title":{"rendered":"Vestido de tricot longo nude"},"content":{"rendered":"<p>vestido longo em tricot nude, marca skunk, tamanho 40. novo, com etiqueta.<\/p>\n<p>medidas: comprimento 161cm | busto 76cm | cintura: 72cm | manga 74cm<\/p>\n<p>composi\u00e7\u00e3o: 75% poliamida | 25% algod\u00e3o<\/p>\n<p>cod: 04630005<\/p>\n","protected":false},"excerpt":{"rendered":"<p>vestido longo em tricot nude, marca skunk, tamanho 40. novo, com etiqueta. medidas: comprimento 161cm | busto 76cm | cintura: 72cm | manga 74cm composi\u00e7\u00e3o: 75% poliamida | 25% algod\u00e3o cod: 04630005<\/p>\n","protected":false},"featured_media":659,"comment_status":"open","ping_status":"closed","template":"","meta":[],"product_cat":[26],"product_tag":[],"class_list":{"0":"post-658","1":"product","2":"type-product","3":"status-publish","4":"has-post-thumbnail","6":"product_cat-vestidos","8":"first","9":"instock","10":"shipping-taxable","11":"purchasable","12":"product-type-simple"},"_links":{"self":[{"href":"https:\/\/brechocabidechic.com.br\/index.php?rest_route=\/wp\/v2\/product\/658"}],"collection":[{"href":"https:\/\/brechocabidechic.com.br\/index.php?rest_route=\/wp\/v2\/product"}],"about":[{"href":"https:\/\/brechocabidechic.com.br\/index.php?rest_route=\/wp\/v2\/types\/product"}],"replies":[{"embeddable":true,"href":"https:\/\/brechocabidechic.com.br\/index.php?rest_route=%2Fwp%2Fv2%2Fcomments&post=658"}],"wp:featuredmedia":[{"embeddable":true,"href":"https:\/\/brechocabidechic.com.br\/index.php?rest_route=\/wp\/v2\/media\/659"}],"wp:attachment":[{"href":"https:\/\/brechocabidechic.com.br\/index.php?rest_route=%2Fwp%2Fv2%2Fmedia&parent=658"}],"wp:term":[{"taxonomy":"product_cat","embeddable":true,"href":"https:\/\/brechocabidechic.com.br\/index.php?rest_route=%2Fwp%2Fv2%2Fproduct_cat&post=658"},{"taxonomy":"product_tag","embeddable":true,"href":"https:\/\/brechocabidechic.com.br\/index.php?rest_route=%2Fwp%2Fv2%2Fproduct_tag&post=658"}],"curies":[{"name":"wp","href":"https:\/\/api.w.org\/{rel}","templated":true}]}}