{"id":664,"date":"2024-05-09T21:17:27","date_gmt":"2024-05-10T00:17:27","guid":{"rendered":"https:\/\/brechocabidechic.com.br\/?post_type=product&#038;p=664"},"modified":"2024-05-09T21:17:27","modified_gmt":"2024-05-10T00:17:27","slug":"sobretudo-gloria-coelho","status":"publish","type":"product","link":"https:\/\/brechocabidechic.com.br\/?product=sobretudo-gloria-coelho","title":{"rendered":"Sobretudo Gl\u00f3ria Coelho"},"content":{"rendered":"<p><span style=\"-webkit-tap-highlight-color: rgba(0, 0, 0, 0);\">\u00a0<\/span><\/p>\n<p>sobretudo preto gloria coelho. com detalhes em couro leg\u00edtimo. fecho em z\u00edper.<\/p>\n<p>composi\u00e7\u00e3o: 72% l\u00e3 | 19% poliamida | 09% poliuretano<\/p>\n<p>forro: 100% poli\u00e9ster<\/p>\n<p>TAM:44<\/p>\n<p>medidas: comprimento 155cm | busto 100cm | manga 66cm<\/p>\n<p>cod. 00012273.1780<\/p>\n","protected":false},"excerpt":{"rendered":"<p>\u00a0 sobretudo preto gloria coelho. com detalhes em couro leg\u00edtimo. fecho em z\u00edper. composi\u00e7\u00e3o: 72% l\u00e3 | 19% poliamida | 09% poliuretano forro: 100% poli\u00e9ster TAM:44 medidas: comprimento 155cm | busto 100cm | manga 66cm cod. 00012273.1780<\/p>\n","protected":false},"featured_media":665,"comment_status":"open","ping_status":"closed","template":"","meta":[],"product_cat":[84],"product_tag":[],"class_list":{"0":"post-664","1":"product","2":"type-product","3":"status-publish","4":"has-post-thumbnail","6":"product_cat-casacos","8":"first","9":"instock","10":"shipping-taxable","11":"purchasable","12":"product-type-simple"},"_links":{"self":[{"href":"https:\/\/brechocabidechic.com.br\/index.php?rest_route=\/wp\/v2\/product\/664"}],"collection":[{"href":"https:\/\/brechocabidechic.com.br\/index.php?rest_route=\/wp\/v2\/product"}],"about":[{"href":"https:\/\/brechocabidechic.com.br\/index.php?rest_route=\/wp\/v2\/types\/product"}],"replies":[{"embeddable":true,"href":"https:\/\/brechocabidechic.com.br\/index.php?rest_route=%2Fwp%2Fv2%2Fcomments&post=664"}],"wp:featuredmedia":[{"embeddable":true,"href":"https:\/\/brechocabidechic.com.br\/index.php?rest_route=\/wp\/v2\/media\/665"}],"wp:attachment":[{"href":"https:\/\/brechocabidechic.com.br\/index.php?rest_route=%2Fwp%2Fv2%2Fmedia&parent=664"}],"wp:term":[{"taxonomy":"product_cat","embeddable":true,"href":"https:\/\/brechocabidechic.com.br\/index.php?rest_route=%2Fwp%2Fv2%2Fproduct_cat&post=664"},{"taxonomy":"product_tag","embeddable":true,"href":"https:\/\/brechocabidechic.com.br\/index.php?rest_route=%2Fwp%2Fv2%2Fproduct_tag&post=664"}],"curies":[{"name":"wp","href":"https:\/\/api.w.org\/{rel}","templated":true}]}}