{"id":670,"date":"2024-05-09T21:24:17","date_gmt":"2024-05-10T00:24:17","guid":{"rendered":"https:\/\/brechocabidechic.com.br\/?post_type=product&#038;p=670"},"modified":"2024-05-09T21:24:17","modified_gmt":"2024-05-10T00:24:17","slug":"saia-longa-pink-floral","status":"publish","type":"product","link":"https:\/\/brechocabidechic.com.br\/?product=saia-longa-pink-floral","title":{"rendered":"Saia longa pink floral"},"content":{"rendered":"<p>linda saia pink floral longa da marca sammaroca, sem nenhuma avaria!<\/p>\n<p>medidas: comprimento: 86cm | cintura: 84cm | quadril: 102cm<\/p>\n<p>composi\u00e7\u00e3o: sem etiqueta de composi\u00e7\u00e3o, por\u00e9m cont\u00e9m linho.<\/p>\n<p>cod: 01625855.259<\/p>\n","protected":false},"excerpt":{"rendered":"<p>linda saia pink floral longa da marca sammaroca, sem nenhuma avaria! medidas: comprimento: 86cm | cintura: 84cm | quadril: 102cm composi\u00e7\u00e3o: sem etiqueta de composi\u00e7\u00e3o, por\u00e9m cont\u00e9m linho. cod: 01625855.259<\/p>\n","protected":false},"featured_media":671,"comment_status":"open","ping_status":"closed","template":"","meta":[],"product_cat":[27],"product_tag":[],"class_list":{"0":"post-670","1":"product","2":"type-product","3":"status-publish","4":"has-post-thumbnail","6":"product_cat-saias","8":"first","9":"instock","10":"shipping-taxable","11":"purchasable","12":"product-type-simple"},"_links":{"self":[{"href":"https:\/\/brechocabidechic.com.br\/index.php?rest_route=\/wp\/v2\/product\/670"}],"collection":[{"href":"https:\/\/brechocabidechic.com.br\/index.php?rest_route=\/wp\/v2\/product"}],"about":[{"href":"https:\/\/brechocabidechic.com.br\/index.php?rest_route=\/wp\/v2\/types\/product"}],"replies":[{"embeddable":true,"href":"https:\/\/brechocabidechic.com.br\/index.php?rest_route=%2Fwp%2Fv2%2Fcomments&post=670"}],"wp:featuredmedia":[{"embeddable":true,"href":"https:\/\/brechocabidechic.com.br\/index.php?rest_route=\/wp\/v2\/media\/671"}],"wp:attachment":[{"href":"https:\/\/brechocabidechic.com.br\/index.php?rest_route=%2Fwp%2Fv2%2Fmedia&parent=670"}],"wp:term":[{"taxonomy":"product_cat","embeddable":true,"href":"https:\/\/brechocabidechic.com.br\/index.php?rest_route=%2Fwp%2Fv2%2Fproduct_cat&post=670"},{"taxonomy":"product_tag","embeddable":true,"href":"https:\/\/brechocabidechic.com.br\/index.php?rest_route=%2Fwp%2Fv2%2Fproduct_tag&post=670"}],"curies":[{"name":"wp","href":"https:\/\/api.w.org\/{rel}","templated":true}]}}