{"id":694,"date":"2024-05-21T14:58:28","date_gmt":"2024-05-21T17:58:28","guid":{"rendered":"https:\/\/brechocabidechic.com.br\/?post_type=product&#038;p=694"},"modified":"2024-05-21T15:01:10","modified_gmt":"2024-05-21T18:01:10","slug":"conjunto-rose","status":"publish","type":"product","link":"https:\/\/brechocabidechic.com.br\/?product=conjunto-rose","title":{"rendered":"Conjunto Rose da marca Gloria Coelho"},"content":{"rendered":"<p>conjunto rose gl\u00f3ria coelho em perfeito estado, sem nenhuma avaria,semi novo.<\/p>\n<p>Tam: 42<\/p>\n<p>composi\u00e7\u00e3o: corpo: 70% poli\u00e9ster | 25% viscose| 5% elastano e detalhes em couro<\/p>\n<p>medidas blusa: comprimento 57cm | busto 108cm<\/p>\n<p>medidas saia: comprimento 52cm | cintura 78cm<\/p>\n<p>cod. 00012489<\/p>\n","protected":false},"excerpt":{"rendered":"<p>conjunto rose gl\u00f3ria coelho em perfeito estado, sem nenhuma avaria,semi novo. Tam: 42 composi\u00e7\u00e3o: corpo: 70% poli\u00e9ster | 25% viscose| 5% elastano e detalhes em couro medidas blusa: comprimento 57cm | busto 108cm medidas saia: comprimento 52cm | cintura 78cm cod. 00012489<\/p>\n","protected":false},"featured_media":685,"comment_status":"open","ping_status":"closed","template":"","meta":[],"product_cat":[85],"product_tag":[],"class_list":{"0":"post-694","1":"product","2":"type-product","3":"status-publish","4":"has-post-thumbnail","6":"product_cat-conjunto","8":"first","9":"instock","10":"shipping-taxable","11":"purchasable","12":"product-type-simple"},"_links":{"self":[{"href":"https:\/\/brechocabidechic.com.br\/index.php?rest_route=\/wp\/v2\/product\/694"}],"collection":[{"href":"https:\/\/brechocabidechic.com.br\/index.php?rest_route=\/wp\/v2\/product"}],"about":[{"href":"https:\/\/brechocabidechic.com.br\/index.php?rest_route=\/wp\/v2\/types\/product"}],"replies":[{"embeddable":true,"href":"https:\/\/brechocabidechic.com.br\/index.php?rest_route=%2Fwp%2Fv2%2Fcomments&post=694"}],"wp:featuredmedia":[{"embeddable":true,"href":"https:\/\/brechocabidechic.com.br\/index.php?rest_route=\/wp\/v2\/media\/685"}],"wp:attachment":[{"href":"https:\/\/brechocabidechic.com.br\/index.php?rest_route=%2Fwp%2Fv2%2Fmedia&parent=694"}],"wp:term":[{"taxonomy":"product_cat","embeddable":true,"href":"https:\/\/brechocabidechic.com.br\/index.php?rest_route=%2Fwp%2Fv2%2Fproduct_cat&post=694"},{"taxonomy":"product_tag","embeddable":true,"href":"https:\/\/brechocabidechic.com.br\/index.php?rest_route=%2Fwp%2Fv2%2Fproduct_tag&post=694"}],"curies":[{"name":"wp","href":"https:\/\/api.w.org\/{rel}","templated":true}]}}