{"id":700,"date":"2024-05-21T15:05:19","date_gmt":"2024-05-21T18:05:19","guid":{"rendered":"https:\/\/brechocabidechic.com.br\/?post_type=product&#038;p=700"},"modified":"2024-05-21T16:35:26","modified_gmt":"2024-05-21T19:35:26","slug":"vestido-longo-bordado-de-palha","status":"publish","type":"product","link":"https:\/\/brechocabidechic.com.br\/?product=vestido-longo-bordado-de-palha","title":{"rendered":"Vestido longo bordado de palha"},"content":{"rendered":"<p>Vestido longo bordado em palha da marca Skazi, em perfeito estado, sem nenhuma avaria, semi novo.<\/p>\n<p>Tam: M<\/p>\n<p>composi\u00e7\u00e3o: 100% poli\u00e9ster.<\/p>\n<p>medidas: comprimento 159cm | Busto 88cm | Cintura: 72cm | Quadril 106cm | Manga 60cm |<\/p>\n<p>cod. 04630011.498<\/p>\n","protected":false},"excerpt":{"rendered":"<p>Vestido longo bordado em palha da marca Skazi, em perfeito estado, sem nenhuma avaria, semi novo. Tam: M composi\u00e7\u00e3o: 100% poli\u00e9ster. medidas: comprimento 159cm | Busto 88cm | Cintura: 72cm | Quadril 106cm | Manga 60cm | cod. 04630011.498<\/p>\n","protected":false},"featured_media":701,"comment_status":"open","ping_status":"closed","template":"","meta":[],"product_cat":[26],"product_tag":[],"class_list":{"0":"post-700","1":"product","2":"type-product","3":"status-publish","4":"has-post-thumbnail","6":"product_cat-vestidos","8":"first","9":"instock","10":"shipping-taxable","11":"purchasable","12":"product-type-simple"},"_links":{"self":[{"href":"https:\/\/brechocabidechic.com.br\/index.php?rest_route=\/wp\/v2\/product\/700"}],"collection":[{"href":"https:\/\/brechocabidechic.com.br\/index.php?rest_route=\/wp\/v2\/product"}],"about":[{"href":"https:\/\/brechocabidechic.com.br\/index.php?rest_route=\/wp\/v2\/types\/product"}],"replies":[{"embeddable":true,"href":"https:\/\/brechocabidechic.com.br\/index.php?rest_route=%2Fwp%2Fv2%2Fcomments&post=700"}],"wp:featuredmedia":[{"embeddable":true,"href":"https:\/\/brechocabidechic.com.br\/index.php?rest_route=\/wp\/v2\/media\/701"}],"wp:attachment":[{"href":"https:\/\/brechocabidechic.com.br\/index.php?rest_route=%2Fwp%2Fv2%2Fmedia&parent=700"}],"wp:term":[{"taxonomy":"product_cat","embeddable":true,"href":"https:\/\/brechocabidechic.com.br\/index.php?rest_route=%2Fwp%2Fv2%2Fproduct_cat&post=700"},{"taxonomy":"product_tag","embeddable":true,"href":"https:\/\/brechocabidechic.com.br\/index.php?rest_route=%2Fwp%2Fv2%2Fproduct_tag&post=700"}],"curies":[{"name":"wp","href":"https:\/\/api.w.org\/{rel}","templated":true}]}}