{"id":721,"date":"2024-05-21T15:16:23","date_gmt":"2024-05-21T18:16:23","guid":{"rendered":"https:\/\/brechocabidechic.com.br\/?post_type=product&#038;p=721"},"modified":"2024-05-21T16:00:46","modified_gmt":"2024-05-21T19:00:46","slug":"saia-longa-off-white-texturizada","status":"publish","type":"product","link":"https:\/\/brechocabidechic.com.br\/?product=saia-longa-off-white-texturizada","title":{"rendered":"Saia longa off white texturizada"},"content":{"rendered":"<p>Saia longa off white texturizada, marca Sammaroca, tamanho G. Semi nova, em perfeito estado, sem nenhuma avaria.<\/p>\n<p>composi\u00e7\u00e3o: 51% poliamida | 49% Poli\u00e9ster .<\/p>\n<p>medidas: comprimento 122cm | cintura 72cm | quadril 96cm<\/p>\n<p>cod. 02891272.169<\/p>\n","protected":false},"excerpt":{"rendered":"<p>Saia longa off white texturizada, marca Sammaroca, tamanho G. Semi nova, em perfeito estado, sem nenhuma avaria. composi\u00e7\u00e3o: 51% poliamida | 49% Poli\u00e9ster . medidas: comprimento 122cm | cintura 72cm | quadril 96cm cod. 02891272.169<\/p>\n","protected":false},"featured_media":722,"comment_status":"open","ping_status":"closed","template":"","meta":[],"product_cat":[27],"product_tag":[],"class_list":{"0":"post-721","1":"product","2":"type-product","3":"status-publish","4":"has-post-thumbnail","6":"product_cat-saias","8":"first","9":"instock","10":"shipping-taxable","11":"purchasable","12":"product-type-simple"},"_links":{"self":[{"href":"https:\/\/brechocabidechic.com.br\/index.php?rest_route=\/wp\/v2\/product\/721"}],"collection":[{"href":"https:\/\/brechocabidechic.com.br\/index.php?rest_route=\/wp\/v2\/product"}],"about":[{"href":"https:\/\/brechocabidechic.com.br\/index.php?rest_route=\/wp\/v2\/types\/product"}],"replies":[{"embeddable":true,"href":"https:\/\/brechocabidechic.com.br\/index.php?rest_route=%2Fwp%2Fv2%2Fcomments&post=721"}],"wp:featuredmedia":[{"embeddable":true,"href":"https:\/\/brechocabidechic.com.br\/index.php?rest_route=\/wp\/v2\/media\/722"}],"wp:attachment":[{"href":"https:\/\/brechocabidechic.com.br\/index.php?rest_route=%2Fwp%2Fv2%2Fmedia&parent=721"}],"wp:term":[{"taxonomy":"product_cat","embeddable":true,"href":"https:\/\/brechocabidechic.com.br\/index.php?rest_route=%2Fwp%2Fv2%2Fproduct_cat&post=721"},{"taxonomy":"product_tag","embeddable":true,"href":"https:\/\/brechocabidechic.com.br\/index.php?rest_route=%2Fwp%2Fv2%2Fproduct_tag&post=721"}],"curies":[{"name":"wp","href":"https:\/\/api.w.org\/{rel}","templated":true}]}}