{"id":792,"date":"2024-06-25T14:18:28","date_gmt":"2024-06-25T17:18:28","guid":{"rendered":"https:\/\/brechocabidechic.com.br\/?post_type=product&#038;p=792"},"modified":"2024-06-25T15:27:55","modified_gmt":"2024-06-25T18:27:55","slug":"792","status":"publish","type":"product","link":"https:\/\/brechocabidechic.com.br\/?product=792","title":{"rendered":"Saia de couro preta drapeada"},"content":{"rendered":"<p>saia de couro preta drapeada, com fenda frontal e ziper atr\u00e1s, marca Andrea Bogosian, tamanho pp.<\/p>\n<p>medidas: comprimento 55cm | quadril 84cm | cintura: 72cm<\/p>\n<p>Composi\u00e7\u00e3o: 100% couro<\/p>\n<p>cod. 04910310.369<\/p>\n","protected":false},"excerpt":{"rendered":"<p>saia de couro preta drapeada, com fenda frontal e ziper atr\u00e1s, marca Andrea Bogosian, tamanho pp. medidas: comprimento 55cm | quadril 84cm | cintura: 72cm Composi\u00e7\u00e3o: 100% couro cod. 04910310.369<\/p>\n","protected":false},"featured_media":755,"comment_status":"open","ping_status":"closed","template":"","meta":[],"product_cat":[27],"product_tag":[],"class_list":{"0":"post-792","1":"product","2":"type-product","3":"status-publish","4":"has-post-thumbnail","6":"product_cat-saias","8":"first","9":"instock","10":"shipping-taxable","11":"purchasable","12":"product-type-simple"},"_links":{"self":[{"href":"https:\/\/brechocabidechic.com.br\/index.php?rest_route=\/wp\/v2\/product\/792"}],"collection":[{"href":"https:\/\/brechocabidechic.com.br\/index.php?rest_route=\/wp\/v2\/product"}],"about":[{"href":"https:\/\/brechocabidechic.com.br\/index.php?rest_route=\/wp\/v2\/types\/product"}],"replies":[{"embeddable":true,"href":"https:\/\/brechocabidechic.com.br\/index.php?rest_route=%2Fwp%2Fv2%2Fcomments&post=792"}],"wp:featuredmedia":[{"embeddable":true,"href":"https:\/\/brechocabidechic.com.br\/index.php?rest_route=\/wp\/v2\/media\/755"}],"wp:attachment":[{"href":"https:\/\/brechocabidechic.com.br\/index.php?rest_route=%2Fwp%2Fv2%2Fmedia&parent=792"}],"wp:term":[{"taxonomy":"product_cat","embeddable":true,"href":"https:\/\/brechocabidechic.com.br\/index.php?rest_route=%2Fwp%2Fv2%2Fproduct_cat&post=792"},{"taxonomy":"product_tag","embeddable":true,"href":"https:\/\/brechocabidechic.com.br\/index.php?rest_route=%2Fwp%2Fv2%2Fproduct_tag&post=792"}],"curies":[{"name":"wp","href":"https:\/\/api.w.org\/{rel}","templated":true}]}}