{"id":817,"date":"2024-06-25T15:50:25","date_gmt":"2024-06-25T18:50:25","guid":{"rendered":"https:\/\/brechocabidechic.com.br\/?post_type=product&#038;p=817"},"modified":"2024-06-25T15:52:28","modified_gmt":"2024-06-25T18:52:28","slug":"817","status":"publish","type":"product","link":"https:\/\/brechocabidechic.com.br\/?product=817","title":{"rendered":"Casaqueto preto e branco em tweed com franjas"},"content":{"rendered":"<p>casaqueto em tweed preto e branco com franjas, com detalhes de vies de pompom , da marca andrea bogosian<\/p>\n<p>composi\u00e7\u00e3o: 95% poli\u00e9ster | 5% fio met\u00e1lico<\/p>\n<p>medidas: comprimento 64 cm | busto 94cm | manga 67 cm<\/p>\n<p>c\u00f3d. 00152621.259<\/p>\n","protected":false},"excerpt":{"rendered":"<p>casaqueto em tweed preto e branco com franjas, com detalhes de vies de pompom , da marca andrea bogosian composi\u00e7\u00e3o: 95% poli\u00e9ster | 5% fio met\u00e1lico medidas: comprimento 64 cm | busto 94cm | manga 67 cm c\u00f3d. 00152621.259<\/p>\n","protected":false},"featured_media":818,"comment_status":"open","ping_status":"closed","template":"","meta":[],"product_cat":[86],"product_tag":[],"class_list":{"0":"post-817","1":"product","2":"type-product","3":"status-publish","4":"has-post-thumbnail","6":"product_cat-casaqueto","8":"first","9":"instock","10":"shipping-taxable","11":"purchasable","12":"product-type-simple"},"_links":{"self":[{"href":"https:\/\/brechocabidechic.com.br\/index.php?rest_route=\/wp\/v2\/product\/817"}],"collection":[{"href":"https:\/\/brechocabidechic.com.br\/index.php?rest_route=\/wp\/v2\/product"}],"about":[{"href":"https:\/\/brechocabidechic.com.br\/index.php?rest_route=\/wp\/v2\/types\/product"}],"replies":[{"embeddable":true,"href":"https:\/\/brechocabidechic.com.br\/index.php?rest_route=%2Fwp%2Fv2%2Fcomments&post=817"}],"wp:featuredmedia":[{"embeddable":true,"href":"https:\/\/brechocabidechic.com.br\/index.php?rest_route=\/wp\/v2\/media\/818"}],"wp:attachment":[{"href":"https:\/\/brechocabidechic.com.br\/index.php?rest_route=%2Fwp%2Fv2%2Fmedia&parent=817"}],"wp:term":[{"taxonomy":"product_cat","embeddable":true,"href":"https:\/\/brechocabidechic.com.br\/index.php?rest_route=%2Fwp%2Fv2%2Fproduct_cat&post=817"},{"taxonomy":"product_tag","embeddable":true,"href":"https:\/\/brechocabidechic.com.br\/index.php?rest_route=%2Fwp%2Fv2%2Fproduct_tag&post=817"}],"curies":[{"name":"wp","href":"https:\/\/api.w.org\/{rel}","templated":true}]}}