{"id":898,"date":"2024-07-02T20:49:00","date_gmt":"2024-07-02T23:49:00","guid":{"rendered":"https:\/\/brechocabidechic.com.br\/?post_type=product&#038;p=898"},"modified":"2024-07-02T20:49:00","modified_gmt":"2024-07-02T23:49:00","slug":"bota-de-couro-bege-amarracao","status":"publish","type":"product","link":"https:\/\/brechocabidechic.com.br\/?product=bota-de-couro-bege-amarracao","title":{"rendered":"bota de couro bege amarra\u00e7\u00e3o"},"content":{"rendered":"<p>linda bota bege de couro em amarra\u00e7\u00e3o, made in italy tamanho 39<\/p>\n<p>medidas: sola: 25cm | salto: 11cm<\/p>\n<p>cod.05080003.459<\/p>\n","protected":false},"excerpt":{"rendered":"<p>linda bota bege de couro em amarra\u00e7\u00e3o, made in italy tamanho 39 medidas: sola: 25cm | salto: 11cm cod.05080003.459<\/p>\n","protected":false},"featured_media":857,"comment_status":"open","ping_status":"closed","template":"","meta":[],"product_cat":[22],"product_tag":[],"class_list":{"0":"post-898","1":"product","2":"type-product","3":"status-publish","4":"has-post-thumbnail","6":"product_cat-sapatos","8":"first","9":"instock","10":"shipping-taxable","11":"purchasable","12":"product-type-simple"},"_links":{"self":[{"href":"https:\/\/brechocabidechic.com.br\/index.php?rest_route=\/wp\/v2\/product\/898"}],"collection":[{"href":"https:\/\/brechocabidechic.com.br\/index.php?rest_route=\/wp\/v2\/product"}],"about":[{"href":"https:\/\/brechocabidechic.com.br\/index.php?rest_route=\/wp\/v2\/types\/product"}],"replies":[{"embeddable":true,"href":"https:\/\/brechocabidechic.com.br\/index.php?rest_route=%2Fwp%2Fv2%2Fcomments&post=898"}],"wp:featuredmedia":[{"embeddable":true,"href":"https:\/\/brechocabidechic.com.br\/index.php?rest_route=\/wp\/v2\/media\/857"}],"wp:attachment":[{"href":"https:\/\/brechocabidechic.com.br\/index.php?rest_route=%2Fwp%2Fv2%2Fmedia&parent=898"}],"wp:term":[{"taxonomy":"product_cat","embeddable":true,"href":"https:\/\/brechocabidechic.com.br\/index.php?rest_route=%2Fwp%2Fv2%2Fproduct_cat&post=898"},{"taxonomy":"product_tag","embeddable":true,"href":"https:\/\/brechocabidechic.com.br\/index.php?rest_route=%2Fwp%2Fv2%2Fproduct_tag&post=898"}],"curies":[{"name":"wp","href":"https:\/\/api.w.org\/{rel}","templated":true}]}}